{"id":340,"date":"2025-09-02T17:01:49","date_gmt":"2025-09-02T15:01:49","guid":{"rendered":"https:\/\/fila-fiatprofessionnel.ch\/?page_id=340"},"modified":"2025-09-02T17:23:22","modified_gmt":"2025-09-02T15:23:22","slug":"nlpd","status":"publish","type":"page","link":"https:\/\/fila-fiatprofessional.ch\/de\/nlpd\/","title":{"rendered":"Schutz von pers\u00f6nlichen Daten"},"content":{"rendered":"<div data-elementor-type=\"wp-page\" data-elementor-id=\"340\" class=\"elementor elementor-340\" data-elementor-post-type=\"page\">\n\t\t\t\t<div class=\"elementor-element elementor-element-b849ee3 e-flex e-con-boxed e-con e-parent\" data-id=\"b849ee3\" data-element_type=\"container\" data-e-type=\"container\">\n\t\t\t\t\t<div class=\"e-con-inner\">\n\t\t\t\t<div class=\"elementor-element elementor-element-72a843a elementor-widget elementor-widget-heading\" data-id=\"72a843a\" data-element_type=\"widget\" data-e-type=\"widget\" data-widget_type=\"heading.default\">\n\t\t\t\t\t<h1 class=\"elementor-heading-title elementor-size-default\">Schutz von pers\u00f6nlichen Daten<\/h1>\t\t\t\t<\/div>\n\t\t\t\t<div class=\"elementor-element elementor-element-c28eb91 elementor-widget elementor-widget-text-editor\" data-id=\"c28eb91\" data-element_type=\"widget\" data-e-type=\"widget\" data-widget_type=\"text-editor.default\">\n\t\t\t\t\t\t\t\t\t<p>Die Schweizer Regelungen zum Schutz personenbezogener Daten befinden sich in einer wichtigen Entwicklung, die in der Allgemeinen Verordnung zum Neuen Datenschutzgesetz \"nDSG\" vom 1. September 2023 ihren Niederschlag gefunden hat.<\/p><p>Unser Unternehmen ist bestrebt, die Vorschriften einzuhalten, die die Beziehungen zu unseren europ\u00e4ischen Kunden verbessern k\u00f6nnen, und hat sich an diese Vorschriften gehalten.<\/p><p>Diese neue Verordnung, die EU-B\u00fcrger betrifft, die nicht beruflich t\u00e4tig sind und daher als \"Privatperson\" gelten, st\u00e4rkt die Kontrolle des B\u00fcrgers \u00fcber die Verwendung seiner Daten durch den B\u00fcrger selbst. Die Verordnung gilt f\u00fcr alle automatisierten oder nicht automatisierten Verarbeitungen von personenbezogenen Daten, unabh\u00e4ngig davon, ob diese Daten in einer Datei enthalten sind oder gespeichert werden.<\/p><h4>Was sind personenbezogene Daten f\u00fcr eine Einzelperson?<\/h4><p>Per Definition sind personenbezogene Daten: \"Alle Informationen, die sich auf eine nat\u00fcrliche Person beziehen, die direkt (Name, Vorname) oder indirekt (durch eine Kennung, Kundennummer, Telefonnummer usw.) identifiziert wird. Die Identifizierung einer nat\u00fcrlichen Person kann anhand eines einzigen Datensatzes (ABS-Nummer, SS) oder durch die Verkn\u00fcpfung einer Reihe von Daten erfolgen.<\/p><h4>Was k\u00f6nnen wir an pers\u00f6nlichen Daten sammeln?<\/h4><p>Wir erheben nur angemessene und relevante Daten, die strikt auf die Erbringung der von Ihnen bestellten Leistung beschr\u00e4nkt sind, und mit Ihrer Zustimmung auch Daten, die sich auf unsere Marketing- und Werbeaktionen beziehen.<\/p><h4>Warum m\u00fcssen wir Ihre personenbezogenen Daten erheben und verarbeiten?<\/h4><p>Ihre pers\u00f6nlichen Daten werden erhoben und verarbeitet, damit wir die von Ihnen bestellte Leistung abschlie\u00dfen, verwalten, \u00e4ndern und ausf\u00fchren k\u00f6nnen und Sie mit Ihrer Zustimmung \u00fcber die Dienstleistungen und Produkte informieren k\u00f6nnen, die Sie bei Fila Groupe SA in Anspruch nehmen k\u00f6nnen.<\/p><h4>An wen werden Ihre pers\u00f6nlichen Daten weitergegeben?<\/h4><p>Ihre pers\u00f6nlichen Daten sind f\u00fcr die Mitarbeiter von Fila Group SA je nach Funktion und f\u00fcr einige unserer Subunternehmer bestimmt. Alle unsere Mitarbeiter sind geschult und halten sich an die nLPD. Unsere Subunternehmer halten sich ebenfalls an die Anforderungen des nLPD, um die ordnungsgem\u00e4\u00dfe Erbringung der bestellten Dienstleistung zu gew\u00e4hrleisten. Keine der gesammelten Informationen wird an Dritte, die keine anerkannten Subunternehmer sind, weitergegeben oder verkauft. Die Daten werden ausschlie\u00dflich in der Schweiz und in Europa gehostet.<\/p><h4>Wie lange speichern wir Ihre pers\u00f6nlichen Daten?<\/h4><p>Personenbezogene Daten, die im Rahmen einer bestellten Leistung, eines Gesch\u00e4ftskontakts oder einer Verkaufsabwicklung gesammelt und verarbeitet werden, werden gem\u00e4\u00df den gesetzlichen Verj\u00e4hrungsfristen aufbewahrt, die je nach Art des Vertrags festgelegt werden und den Schweizer Regeln entsprechen, d. h. 10 Jahre. Im Rahmen der kommerziellen Werbung werden die personenbezogenen Daten 2 Jahre nach ihrer Erhebung oder dem letzten Kontakt mit der betroffenen Person aufbewahrt. Anschlie\u00dfend werden die Daten anonymisiert, um die Grundlage f\u00fcr statistische Studien des Unternehmens zu erhalten.<\/p><h4>Welche Sicherheitsma\u00dfnahmen werden ergriffen, um Ihre Daten zu tragen?<\/h4><p>Gem\u00e4\u00df den geltenden allgemeinen Vorschriften zum Schutz personenbezogener Daten haben Sie verschiedene Rechte, n\u00e4mlich:<\/p><ul><li>Recht auf Zugang: Sie k\u00f6nnen Informationen \u00fcber die Verarbeitung Ihrer personenbezogenen Daten sowie eine Kopie dieser personenbezogenen Daten erhalten.<\/li><li>Recht auf Berichtigung: Wenn Sie der Meinung sind, dass Ihre personenbezogenen Daten unrichtig oder unvollst\u00e4ndig sind, k\u00f6nnen Sie verlangen, dass diese personenbezogenen Daten entsprechend ge\u00e4ndert werden.<\/li><li>Recht auf L\u00f6schung: Sie k\u00f6nnen die L\u00f6schung Ihrer personenbezogenen Daten im Rahmen des gesetzlich Zul\u00e4ssigen verlangen.<\/li><li>Recht auf Einschr\u00e4nkung der Verarbeitung: Sie k\u00f6nnen die Einschr\u00e4nkung der Verarbeitung Ihrer personenbezogenen Daten beantragen.<\/li><li>Widerspruchsrecht: Sie k\u00f6nnen aus Gr\u00fcnden, die sich aus Ihrer besonderen Situation ergeben, gegen die Verarbeitung Ihrer personenbezogenen Daten Widerspruch einlegen. Sie haben das absolute Recht, gegen die Verarbeitung Ihrer personenbezogenen Daten zum Zwecke der kommerziellen Werbung, einschlie\u00dflich des damit verbundenen Profiling, Widerspruch einzulegen.<\/li><li>Recht, Richtlinien \u00fcber die Aufbewahrung, L\u00f6schung oder Weitergabe Ihrer pers\u00f6nlichen Daten festzulegen, die nach Ihrem Tod gelten.<\/li><li>Recht auf Widerruf Ihrer Einwilligung: Wenn Sie Ihre Einwilligung zur Verarbeitung Ihrer personenbezogenen Daten gegeben haben, haben Sie das Recht, Ihre Einwilligung jederzeit zu widerrufen.<\/li><\/ul><p>Sie k\u00f6nnen diese Rechte per Post an den DPO von Fila Groupe SA - Ch. de Treycovagnes 7, 1400 Yverdon-les-Bains oder per E-Mail an media@fila-groupe.ch aus\u00fcben.<\/p><h4>Welche Rechte haben Sie?<\/h4><p>Per Definition sind personenbezogene Daten: \"Alle Informationen, die sich auf eine nat\u00fcrliche Person beziehen, die direkt (Name, Vorname) oder indirekt (durch eine Kennung, Kundennummer, Telefonnummer usw.) identifiziert wird. Die Identifizierung einer nat\u00fcrlichen Person kann anhand eines einzigen Datensatzes (ABS-Nummer, SS) oder durch die Verkn\u00fcpfung einer Reihe von Daten erfolgen.<\/p>\t\t\t\t\t\t\t\t<\/div>\n\t\t\t\t\t<\/div>\n\t\t\t\t<\/div>\n\t\t\t\t<\/div>","protected":false},"excerpt":{"rendered":"<p>La r\u00e9glementation suisse relative \u00e0 la protection des donn\u00e9es \u00e0 caract\u00e8re personnel conna\u00eet une \u00e9volution majeure qui a donn\u00e9 lieu au R\u00e8glement G\u00e9n\u00e9ral \u00e0 la Nouvelle Loi sur la Protection des Donn\u00e9es \u00ab nLPD \u00bb du 1er septembre 2023. Notre soci\u00e9t\u00e9, soucieuse de respecter les r\u00e9glementations capables d\u2019am\u00e9liorer les relations avec nos clients europ\u00e9ens, c\u2019est [&hellip;]<\/p>\n","protected":false},"author":1,"featured_media":0,"parent":0,"menu_order":0,"comment_status":"closed","ping_status":"closed","template":"elementor_header_footer","meta":{"footnotes":""},"class_list":["post-340","page","type-page","status-publish","hentry"],"yoast_head":"<!-- This site is optimized with the Yoast SEO plugin v27.1.1 - https:\/\/yoast.com\/product\/yoast-seo-wordpress\/ -->\n<title>Protection des donn\u00e9es personnelles - Fila Fiat Professionnel<\/title>\n<meta name=\"robots\" content=\"noindex, follow, max-snippet:-1, max-image-preview:large, max-video-preview:-1\" \/>\n<meta property=\"og:locale\" content=\"de_DE\" \/>\n<meta property=\"og:type\" content=\"article\" \/>\n<meta property=\"og:title\" content=\"Protection des donn\u00e9es personnelles - Fila Fiat Professionnel\" \/>\n<meta property=\"og:description\" content=\"La r\u00e9glementation suisse relative \u00e0 la protection des donn\u00e9es \u00e0 caract\u00e8re personnel conna\u00eet une \u00e9volution majeure qui a donn\u00e9 lieu au R\u00e8glement G\u00e9n\u00e9ral \u00e0 la Nouvelle Loi sur la Protection des Donn\u00e9es \u00ab nLPD \u00bb du 1er septembre 2023. Notre soci\u00e9t\u00e9, soucieuse de respecter les r\u00e9glementations capables d\u2019am\u00e9liorer les relations avec nos clients europ\u00e9ens, c\u2019est [&hellip;]\" \/>\n<meta property=\"og:url\" content=\"https:\/\/fila-fiatprofessional.ch\/de\/nlpd\/\" \/>\n<meta property=\"og:site_name\" content=\"Fila Fiat Professionnel\" \/>\n<meta property=\"article:modified_time\" content=\"2025-09-02T15:23:22+00:00\" \/>\n<meta name=\"twitter:card\" content=\"summary_large_image\" \/>\n<meta name=\"twitter:label1\" content=\"Gesch\u00e4tzte Lesezeit\" \/>\n\t<meta name=\"twitter:data1\" content=\"4\u00a0Minuten\" \/>\n<script type=\"application\/ld+json\" class=\"yoast-schema-graph\">{\"@context\":\"https:\/\/schema.org\",\"@graph\":[{\"@type\":\"WebPage\",\"@id\":\"https:\/\/fila-fiatprofessional.ch\/nlpd\/\",\"url\":\"https:\/\/fila-fiatprofessional.ch\/nlpd\/\",\"name\":\"Protection des donn\u00e9es personnelles - Fila Fiat Professionnel\",\"isPartOf\":{\"@id\":\"https:\/\/fila-fiatprofessionnel.ch\/#website\"},\"datePublished\":\"2025-09-02T15:01:49+00:00\",\"dateModified\":\"2025-09-02T15:23:22+00:00\",\"breadcrumb\":{\"@id\":\"https:\/\/fila-fiatprofessional.ch\/nlpd\/#breadcrumb\"},\"inLanguage\":\"de\",\"potentialAction\":[{\"@type\":\"ReadAction\",\"target\":[\"https:\/\/fila-fiatprofessional.ch\/nlpd\/\"]}]},{\"@type\":\"BreadcrumbList\",\"@id\":\"https:\/\/fila-fiatprofessional.ch\/nlpd\/#breadcrumb\",\"itemListElement\":[{\"@type\":\"ListItem\",\"position\":1,\"name\":\"Accueil\",\"item\":\"https:\/\/fila-fiatprofessional.ch\/\"},{\"@type\":\"ListItem\",\"position\":2,\"name\":\"Protection des donn\u00e9es personnelles\"}]},{\"@type\":\"WebSite\",\"@id\":\"https:\/\/fila-fiatprofessionnel.ch\/#website\",\"url\":\"https:\/\/fila-fiatprofessionnel.ch\/\",\"name\":\"Fila Fiat Professionnel\",\"description\":\"\",\"potentialAction\":[{\"@type\":\"SearchAction\",\"target\":{\"@type\":\"EntryPoint\",\"urlTemplate\":\"https:\/\/fila-fiatprofessionnel.ch\/?s={search_term_string}\"},\"query-input\":{\"@type\":\"PropertyValueSpecification\",\"valueRequired\":true,\"valueName\":\"search_term_string\"}}],\"inLanguage\":\"de\"}]}<\/script>\n<!-- \/ Yoast SEO plugin. -->","yoast_head_json":{"title":"Protection des donn\u00e9es personnelles - Fila Fiat Professionnel","robots":{"index":"noindex","follow":"follow","max-snippet":"max-snippet:-1","max-image-preview":"max-image-preview:large","max-video-preview":"max-video-preview:-1"},"og_locale":"de_DE","og_type":"article","og_title":"Protection des donn\u00e9es personnelles - Fila Fiat Professionnel","og_description":"La r\u00e9glementation suisse relative \u00e0 la protection des donn\u00e9es \u00e0 caract\u00e8re personnel conna\u00eet une \u00e9volution majeure qui a donn\u00e9 lieu au R\u00e8glement G\u00e9n\u00e9ral \u00e0 la Nouvelle Loi sur la Protection des Donn\u00e9es \u00ab nLPD \u00bb du 1er septembre 2023. Notre soci\u00e9t\u00e9, soucieuse de respecter les r\u00e9glementations capables d\u2019am\u00e9liorer les relations avec nos clients europ\u00e9ens, c\u2019est [&hellip;]","og_url":"https:\/\/fila-fiatprofessional.ch\/de\/nlpd\/","og_site_name":"Fila Fiat Professionnel","article_modified_time":"2025-09-02T15:23:22+00:00","twitter_card":"summary_large_image","twitter_misc":{"Gesch\u00e4tzte Lesezeit":"4\u00a0Minuten"},"schema":{"@context":"https:\/\/schema.org","@graph":[{"@type":"WebPage","@id":"https:\/\/fila-fiatprofessional.ch\/nlpd\/","url":"https:\/\/fila-fiatprofessional.ch\/nlpd\/","name":"Protection des donn\u00e9es personnelles - Fila Fiat Professionnel","isPartOf":{"@id":"https:\/\/fila-fiatprofessionnel.ch\/#website"},"datePublished":"2025-09-02T15:01:49+00:00","dateModified":"2025-09-02T15:23:22+00:00","breadcrumb":{"@id":"https:\/\/fila-fiatprofessional.ch\/nlpd\/#breadcrumb"},"inLanguage":"de","potentialAction":[{"@type":"ReadAction","target":["https:\/\/fila-fiatprofessional.ch\/nlpd\/"]}]},{"@type":"BreadcrumbList","@id":"https:\/\/fila-fiatprofessional.ch\/nlpd\/#breadcrumb","itemListElement":[{"@type":"ListItem","position":1,"name":"Accueil","item":"https:\/\/fila-fiatprofessional.ch\/"},{"@type":"ListItem","position":2,"name":"Protection des donn\u00e9es personnelles"}]},{"@type":"WebSite","@id":"https:\/\/fila-fiatprofessionnel.ch\/#website","url":"https:\/\/fila-fiatprofessionnel.ch\/","name":"Fila Fiat Professional","description":"","potentialAction":[{"@type":"SearchAction","target":{"@type":"EntryPoint","urlTemplate":"https:\/\/fila-fiatprofessionnel.ch\/?s={search_term_string}"},"query-input":{"@type":"PropertyValueSpecification","valueRequired":true,"valueName":"search_term_string"}}],"inLanguage":"de"}]}},"_links":{"self":[{"href":"https:\/\/fila-fiatprofessional.ch\/de\/wp-json\/wp\/v2\/pages\/340","targetHints":{"allow":["GET"]}}],"collection":[{"href":"https:\/\/fila-fiatprofessional.ch\/de\/wp-json\/wp\/v2\/pages"}],"about":[{"href":"https:\/\/fila-fiatprofessional.ch\/de\/wp-json\/wp\/v2\/types\/page"}],"author":[{"embeddable":true,"href":"https:\/\/fila-fiatprofessional.ch\/de\/wp-json\/wp\/v2\/users\/1"}],"replies":[{"embeddable":true,"href":"https:\/\/fila-fiatprofessional.ch\/de\/wp-json\/wp\/v2\/comments?post=340"}],"version-history":[{"count":7,"href":"https:\/\/fila-fiatprofessional.ch\/de\/wp-json\/wp\/v2\/pages\/340\/revisions"}],"predecessor-version":[{"id":382,"href":"https:\/\/fila-fiatprofessional.ch\/de\/wp-json\/wp\/v2\/pages\/340\/revisions\/382"}],"wp:attachment":[{"href":"https:\/\/fila-fiatprofessional.ch\/de\/wp-json\/wp\/v2\/media?parent=340"}],"curies":[{"name":"wp","href":"https:\/\/api.w.org\/{rel}","templated":true}]}}