{"id":340,"date":"2025-09-02T17:01:49","date_gmt":"2025-09-02T15:01:49","guid":{"rendered":"https:\/\/fila-fiatprofessionnel.ch\/?page_id=340"},"modified":"2025-09-02T17:23:22","modified_gmt":"2025-09-02T15:23:22","slug":"nlpd","status":"publish","type":"page","link":"https:\/\/fila-fiatprofessional.ch\/en\/nlpd\/","title":{"rendered":"Protection of personal data"},"content":{"rendered":"<div data-elementor-type=\"wp-page\" data-elementor-id=\"340\" class=\"elementor elementor-340\" data-elementor-post-type=\"page\">\n\t\t\t\t<div class=\"elementor-element elementor-element-b849ee3 e-flex e-con-boxed e-con e-parent\" data-id=\"b849ee3\" data-element_type=\"container\" data-e-type=\"container\">\n\t\t\t\t\t<div class=\"e-con-inner\">\n\t\t\t\t<div class=\"elementor-element elementor-element-72a843a elementor-widget elementor-widget-heading\" data-id=\"72a843a\" data-element_type=\"widget\" data-e-type=\"widget\" data-widget_type=\"heading.default\">\n\t\t\t\t\t<h1 class=\"elementor-heading-title elementor-size-default\">Protection of personal data<\/h1>\t\t\t\t<\/div>\n\t\t\t\t<div class=\"elementor-element elementor-element-c28eb91 elementor-widget elementor-widget-text-editor\" data-id=\"c28eb91\" data-element_type=\"widget\" data-e-type=\"widget\" data-widget_type=\"text-editor.default\">\n\t\t\t\t\t\t\t\t\t<p>Swiss regulations on the protection of personal data have undergone major changes, resulting in the General Regulation on the New Data Protection Act (nLPD) of 1 September 2023.<\/p><p>Our company, anxious to comply with regulations capable of improving relations with our European customers, has complied and expresses in this charter its attachment to the quality of service provided to our customers, whether they are Individuals or Professionals.<\/p><p>This new regulation, which applies to European citizens who are not professionals and are therefore considered to be 'individuals', strengthens the citizen's own control over the use of his or her data. The regulation applies to all processing of personal data, whether automated or non-automated, regardless of whether the data is contained in a file or is intended for inclusion in a file.<\/p><h4>What is personal data for an individual?<\/h4><p>By definition, personal data is: \"Any information relating to a natural person identified directly (surname, first name) or indirectly (by an identifier, customer number, telephone number, etc.). A natural person can be identified on the basis of a single piece of data (ABS or SS number) or by cross-referencing a set of data.<\/p><h4>What personal data may we collect?<\/h4><p>We only collect appropriate and relevant data, strictly limited to carrying out the service you have ordered and, with your consent, data relating to our commercial and canvassing activities.<\/p><h4>Why do we need to collect and process your personal data?<\/h4><p>Your personal data is collected and processed to enable us to conclude, manage, modify and execute the service you have ordered and, with your consent, to inform you of the services and products available to you from Fila Group SA.<\/p><h4>To whom are your personal data transmitted?<\/h4><p>Your personal data is intended for Fila Group SA employees according to their function and for some of our subcontractors. All members of our staff have been trained and comply with the nLPD. Our subcontractors also comply with the requirements of the nLPD in order to ensure that the service ordered is carried out correctly. None of the information collected is transferred or sold to a third party who is not a recognised subcontractor. Data is hosted exclusively in Switzerland and Europe.<\/p><h4>How long do we keep your personal data?<\/h4><p>Personal data collected and processed as part of an ordered service, a commercial contact or a sales follow-up is kept in accordance with the statutory limitation periods set according to the nature of the contract and in compliance with Swiss rules, i.e. 10 years. In the case of commercial canvassing, personal data is kept for 2 years from the date of collection or last contact with the person concerned. The data is then anonymised in order to preserve the basis for the company's statistical studies.<\/p><h4>What security measures are in place to protect your data?<\/h4><p>In accordance with the applicable General Regulation on the Protection of Personal Data, you have a number of rights:<\/p><ul><li>Right of access: you can obtain information about the processing of your personal data and a copy of that data.<\/li><li>Right of rectification: if you believe that your personal data is inaccurate or incomplete, you may request that it be amended accordingly.<\/li><li>Right to erasure: you may request the erasure of your personal data to the extent permitted by law.<\/li><li>Right to limit processing: you may request that the processing of your personal data be limited.<\/li><li>Right to object: you may object to the processing of your personal data on grounds relating to your particular situation. You have the absolute right to object to the processing of your personal data for the purposes of commercial canvassing, including the profiling associated with such canvassing.<\/li><li>You have the right to define directives concerning the conservation, deletion or communication of your personal data, applicable after your death.<\/li><li>Right to withdraw your consent: if you have given your consent to the processing of your personal data, you have the right to withdraw your consent at any time.<\/li><\/ul><p>You can exercise these rights by writing to the DPO of Fila Groupe SA - Ch. de Treycovagnes 7, 1400 Yverdon-les-Bains or by email to media@fila-groupe.ch.<\/p><h4>What rights do you have?<\/h4><p>By definition, personal data is: \"Any information relating to a natural person identified directly (surname, first name) or indirectly (by an identifier, customer number, telephone number, etc.). A natural person can be identified on the basis of a single piece of data (ABS or SS number) or by cross-referencing a set of data.<\/p>\t\t\t\t\t\t\t\t<\/div>\n\t\t\t\t\t<\/div>\n\t\t\t\t<\/div>\n\t\t\t\t<\/div>","protected":false},"excerpt":{"rendered":"<p>La r\u00e9glementation suisse relative \u00e0 la protection des donn\u00e9es \u00e0 caract\u00e8re personnel conna\u00eet une \u00e9volution majeure qui a donn\u00e9 lieu au R\u00e8glement G\u00e9n\u00e9ral \u00e0 la Nouvelle Loi sur la Protection des Donn\u00e9es \u00ab nLPD \u00bb du 1er septembre 2023. Notre soci\u00e9t\u00e9, soucieuse de respecter les r\u00e9glementations capables d\u2019am\u00e9liorer les relations avec nos clients europ\u00e9ens, c\u2019est [&hellip;]<\/p>\n","protected":false},"author":1,"featured_media":0,"parent":0,"menu_order":0,"comment_status":"closed","ping_status":"closed","template":"elementor_header_footer","meta":{"footnotes":""},"class_list":["post-340","page","type-page","status-publish","hentry"],"yoast_head":"<!-- This site is optimized with the Yoast SEO plugin v27.1.1 - https:\/\/yoast.com\/product\/yoast-seo-wordpress\/ -->\n<title>Protection des donn\u00e9es personnelles - Fila Fiat Professionnel<\/title>\n<meta name=\"robots\" content=\"noindex, follow, max-snippet:-1, max-image-preview:large, max-video-preview:-1\" \/>\n<meta property=\"og:locale\" content=\"en_GB\" \/>\n<meta property=\"og:type\" content=\"article\" \/>\n<meta property=\"og:title\" content=\"Protection des donn\u00e9es personnelles - Fila Fiat Professionnel\" \/>\n<meta property=\"og:description\" content=\"La r\u00e9glementation suisse relative \u00e0 la protection des donn\u00e9es \u00e0 caract\u00e8re personnel conna\u00eet une \u00e9volution majeure qui a donn\u00e9 lieu au R\u00e8glement G\u00e9n\u00e9ral \u00e0 la Nouvelle Loi sur la Protection des Donn\u00e9es \u00ab nLPD \u00bb du 1er septembre 2023. Notre soci\u00e9t\u00e9, soucieuse de respecter les r\u00e9glementations capables d\u2019am\u00e9liorer les relations avec nos clients europ\u00e9ens, c\u2019est [&hellip;]\" \/>\n<meta property=\"og:url\" content=\"https:\/\/fila-fiatprofessional.ch\/en\/nlpd\/\" \/>\n<meta property=\"og:site_name\" content=\"Fila Fiat Professionnel\" \/>\n<meta property=\"article:modified_time\" content=\"2025-09-02T15:23:22+00:00\" \/>\n<meta name=\"twitter:card\" content=\"summary_large_image\" \/>\n<meta name=\"twitter:label1\" content=\"Estimated reading time\" \/>\n\t<meta name=\"twitter:data1\" content=\"4 minutes\" \/>\n<script type=\"application\/ld+json\" class=\"yoast-schema-graph\">{\"@context\":\"https:\/\/schema.org\",\"@graph\":[{\"@type\":\"WebPage\",\"@id\":\"https:\/\/fila-fiatprofessional.ch\/nlpd\/\",\"url\":\"https:\/\/fila-fiatprofessional.ch\/nlpd\/\",\"name\":\"Protection des donn\u00e9es personnelles - Fila Fiat Professionnel\",\"isPartOf\":{\"@id\":\"https:\/\/fila-fiatprofessionnel.ch\/#website\"},\"datePublished\":\"2025-09-02T15:01:49+00:00\",\"dateModified\":\"2025-09-02T15:23:22+00:00\",\"breadcrumb\":{\"@id\":\"https:\/\/fila-fiatprofessional.ch\/nlpd\/#breadcrumb\"},\"inLanguage\":\"en-GB\",\"potentialAction\":[{\"@type\":\"ReadAction\",\"target\":[\"https:\/\/fila-fiatprofessional.ch\/nlpd\/\"]}]},{\"@type\":\"BreadcrumbList\",\"@id\":\"https:\/\/fila-fiatprofessional.ch\/nlpd\/#breadcrumb\",\"itemListElement\":[{\"@type\":\"ListItem\",\"position\":1,\"name\":\"Accueil\",\"item\":\"https:\/\/fila-fiatprofessional.ch\/\"},{\"@type\":\"ListItem\",\"position\":2,\"name\":\"Protection des donn\u00e9es personnelles\"}]},{\"@type\":\"WebSite\",\"@id\":\"https:\/\/fila-fiatprofessionnel.ch\/#website\",\"url\":\"https:\/\/fila-fiatprofessionnel.ch\/\",\"name\":\"Fila Fiat Professionnel\",\"description\":\"\",\"potentialAction\":[{\"@type\":\"SearchAction\",\"target\":{\"@type\":\"EntryPoint\",\"urlTemplate\":\"https:\/\/fila-fiatprofessionnel.ch\/?s={search_term_string}\"},\"query-input\":{\"@type\":\"PropertyValueSpecification\",\"valueRequired\":true,\"valueName\":\"search_term_string\"}}],\"inLanguage\":\"en-GB\"}]}<\/script>\n<!-- \/ Yoast SEO plugin. -->","yoast_head_json":{"title":"Protection des donn\u00e9es personnelles - Fila Fiat Professionnel","robots":{"index":"noindex","follow":"follow","max-snippet":"max-snippet:-1","max-image-preview":"max-image-preview:large","max-video-preview":"max-video-preview:-1"},"og_locale":"en_GB","og_type":"article","og_title":"Protection des donn\u00e9es personnelles - Fila Fiat Professionnel","og_description":"La r\u00e9glementation suisse relative \u00e0 la protection des donn\u00e9es \u00e0 caract\u00e8re personnel conna\u00eet une \u00e9volution majeure qui a donn\u00e9 lieu au R\u00e8glement G\u00e9n\u00e9ral \u00e0 la Nouvelle Loi sur la Protection des Donn\u00e9es \u00ab nLPD \u00bb du 1er septembre 2023. Notre soci\u00e9t\u00e9, soucieuse de respecter les r\u00e9glementations capables d\u2019am\u00e9liorer les relations avec nos clients europ\u00e9ens, c\u2019est [&hellip;]","og_url":"https:\/\/fila-fiatprofessional.ch\/en\/nlpd\/","og_site_name":"Fila Fiat Professionnel","article_modified_time":"2025-09-02T15:23:22+00:00","twitter_card":"summary_large_image","twitter_misc":{"Estimated reading time":"4 minutes"},"schema":{"@context":"https:\/\/schema.org","@graph":[{"@type":"WebPage","@id":"https:\/\/fila-fiatprofessional.ch\/nlpd\/","url":"https:\/\/fila-fiatprofessional.ch\/nlpd\/","name":"Protection des donn\u00e9es personnelles - Fila Fiat Professionnel","isPartOf":{"@id":"https:\/\/fila-fiatprofessionnel.ch\/#website"},"datePublished":"2025-09-02T15:01:49+00:00","dateModified":"2025-09-02T15:23:22+00:00","breadcrumb":{"@id":"https:\/\/fila-fiatprofessional.ch\/nlpd\/#breadcrumb"},"inLanguage":"en-GB","potentialAction":[{"@type":"ReadAction","target":["https:\/\/fila-fiatprofessional.ch\/nlpd\/"]}]},{"@type":"BreadcrumbList","@id":"https:\/\/fila-fiatprofessional.ch\/nlpd\/#breadcrumb","itemListElement":[{"@type":"ListItem","position":1,"name":"Accueil","item":"https:\/\/fila-fiatprofessional.ch\/"},{"@type":"ListItem","position":2,"name":"Protection des donn\u00e9es personnelles"}]},{"@type":"WebSite","@id":"https:\/\/fila-fiatprofessionnel.ch\/#website","url":"https:\/\/fila-fiatprofessionnel.ch\/","name":"Fila Fiat Professionnel","description":"","potentialAction":[{"@type":"SearchAction","target":{"@type":"EntryPoint","urlTemplate":"https:\/\/fila-fiatprofessionnel.ch\/?s={search_term_string}"},"query-input":{"@type":"PropertyValueSpecification","valueRequired":true,"valueName":"search_term_string"}}],"inLanguage":"en-GB"}]}},"_links":{"self":[{"href":"https:\/\/fila-fiatprofessional.ch\/en\/wp-json\/wp\/v2\/pages\/340","targetHints":{"allow":["GET"]}}],"collection":[{"href":"https:\/\/fila-fiatprofessional.ch\/en\/wp-json\/wp\/v2\/pages"}],"about":[{"href":"https:\/\/fila-fiatprofessional.ch\/en\/wp-json\/wp\/v2\/types\/page"}],"author":[{"embeddable":true,"href":"https:\/\/fila-fiatprofessional.ch\/en\/wp-json\/wp\/v2\/users\/1"}],"replies":[{"embeddable":true,"href":"https:\/\/fila-fiatprofessional.ch\/en\/wp-json\/wp\/v2\/comments?post=340"}],"version-history":[{"count":7,"href":"https:\/\/fila-fiatprofessional.ch\/en\/wp-json\/wp\/v2\/pages\/340\/revisions"}],"predecessor-version":[{"id":382,"href":"https:\/\/fila-fiatprofessional.ch\/en\/wp-json\/wp\/v2\/pages\/340\/revisions\/382"}],"wp:attachment":[{"href":"https:\/\/fila-fiatprofessional.ch\/en\/wp-json\/wp\/v2\/media?parent=340"}],"curies":[{"name":"wp","href":"https:\/\/api.w.org\/{rel}","templated":true}]}}