{"id":340,"date":"2025-09-02T17:01:49","date_gmt":"2025-09-02T15:01:49","guid":{"rendered":"https:\/\/fila-fiatprofessionnel.ch\/?page_id=340"},"modified":"2025-09-02T17:23:22","modified_gmt":"2025-09-02T15:23:22","slug":"nlpd","status":"publish","type":"page","link":"https:\/\/fila-fiatprofessional.ch\/it\/nlpd\/","title":{"rendered":"Protezione dei dati personali"},"content":{"rendered":"<div data-elementor-type=\"wp-page\" data-elementor-id=\"340\" class=\"elementor elementor-340\" data-elementor-post-type=\"page\">\n\t\t\t\t<div class=\"elementor-element elementor-element-b849ee3 e-flex e-con-boxed e-con e-parent\" data-id=\"b849ee3\" data-element_type=\"container\" data-e-type=\"container\">\n\t\t\t\t\t<div class=\"e-con-inner\">\n\t\t\t\t<div class=\"elementor-element elementor-element-72a843a elementor-widget elementor-widget-heading\" data-id=\"72a843a\" data-element_type=\"widget\" data-e-type=\"widget\" data-widget_type=\"heading.default\">\n\t\t\t\t\t<h1 class=\"elementor-heading-title elementor-size-default\">Protezione dei dati personali<\/h1>\t\t\t\t<\/div>\n\t\t\t\t<div class=\"elementor-element elementor-element-c28eb91 elementor-widget elementor-widget-text-editor\" data-id=\"c28eb91\" data-element_type=\"widget\" data-e-type=\"widget\" data-widget_type=\"text-editor.default\">\n\t\t\t\t\t\t\t\t\t<p>La normativa svizzera in materia di protezione dei dati personali \u00e8 stata oggetto di importanti modifiche, sfociate nel Regolamento generale sulla nuova legge sulla protezione dei dati (nLPD) del 1\u00b0 settembre 2023.<\/p><p>La nostra azienda, desiderosa di rispettare le normative in grado di migliorare le relazioni con i nostri clienti europei, si \u00e8 adeguata ed esprime in questa carta il suo attaccamento alla qualit\u00e0 del servizio fornito ai nostri clienti, siano essi Privati o Professionisti.<\/p><p>Questo nuovo regolamento, che si applica ai cittadini europei che non sono professionisti e sono quindi considerati \"individui\", rafforza il controllo dei cittadini sull'uso dei loro dati. Il regolamento si applica a tutti i trattamenti di dati personali, automatizzati e non, indipendentemente dal fatto che i dati siano contenuti in un file o destinati a essere inseriti in un file.<\/p><h4>Cosa si intende per dati personali di un individuo?<\/h4><p>Per definizione, i dati personali sono: \"Qualsiasi informazione relativa a una persona fisica identificata direttamente (cognome, nome) o indirettamente (tramite un identificativo, un numero di cliente, un numero di telefono, ecc.) Una persona fisica pu\u00f2 essere identificata sulla base di un singolo dato (numero ABS o SS) o incrociando una serie di dati.<\/p><h4>Quali dati personali possiamo raccogliere?<\/h4><p>Raccogliamo solo dati appropriati e pertinenti, strettamente limitati all'esecuzione del servizio da voi ordinato e, con il vostro consenso, dati relativi alle nostre attivit\u00e0 commerciali e di canvassing.<\/p><h4>Perch\u00e9 abbiamo bisogno di raccogliere e trattare i vostri dati personali?<\/h4><p>I vostri dati personali sono raccolti e trattati per consentirci di concludere, gestire, modificare ed eseguire il servizio da voi ordinato e, con il vostro consenso, per informarvi sui servizi e sui prodotti messi a vostra disposizione da Fila Group SA.<\/p><h4>A chi vengono trasmessi i vostri dati personali?<\/h4><p>I vostri dati personali sono destinati ai dipendenti di Fila Group SA in base alla loro funzione e ad alcuni nostri subappaltatori. Tutti i membri del nostro personale sono stati formati e rispettano la nLPD. Anche i nostri subappaltatori rispettano i requisiti della direttiva nLPD al fine di garantire la corretta esecuzione del servizio ordinato. Nessuna delle informazioni raccolte viene trasferita o venduta a terzi che non siano subappaltatori riconosciuti. I dati sono ospitati esclusivamente in Svizzera e in Europa.<\/p><h4>Per quanto tempo conserviamo i vostri dati personali?<\/h4><p>I dati personali raccolti ed elaborati nell'ambito di un servizio ordinato, di un contatto commerciale o di un follow-up delle vendite vengono conservati secondo i termini di prescrizione stabiliti dalla legge in base alla natura del contratto e in conformit\u00e0 alle norme svizzere, ossia 10 anni. Nel caso di attivit\u00e0 commerciali, i dati personali vengono conservati per 2 anni dalla data di raccolta o dall'ultimo contatto con l'interessato. I dati vengono poi resi anonimi per preservare la base per gli studi statistici dell'azienda.<\/p><h4>Quali misure di sicurezza sono state adottate per proteggere i vostri dati?<\/h4><p>In conformit\u00e0 al Regolamento generale sulla protezione dei dati personali, l'utente dispone di una serie di diritti:<\/p><ul><li>Diritto di accesso: \u00e8 possibile ottenere informazioni sul trattamento dei propri dati personali e una copia di tali dati.<\/li><li>Diritto di rettifica: se ritenete che i vostri dati personali siano inesatti o incompleti, potete chiedere che vengano modificati di conseguenza.<\/li><li>Diritto alla cancellazione: l'utente pu\u00f2 richiedere la cancellazione dei propri dati personali nella misura consentita dalla legge.<\/li><li>Diritto di limitare il trattamento: l'utente pu\u00f2 chiedere che il trattamento dei suoi dati personali sia limitato.<\/li><li>Diritto di opposizione: potete opporvi al trattamento dei vostri dati personali per motivi legati alla vostra situazione particolare. Avete il diritto assoluto di opporvi al trattamento dei vostri dati personali ai fini del canvassing commerciale, compresa la profilazione associata a tale canvassing.<\/li><li>Avete il diritto di definire direttive relative alla conservazione, alla cancellazione o alla comunicazione dei vostri dati personali, applicabili dopo la vostra morte.<\/li><li>Diritto di ritirare il consenso: se avete dato il vostro consenso al trattamento dei vostri dati personali, avete il diritto di ritirarlo in qualsiasi momento.<\/li><\/ul><p>\u00c8 possibile esercitare tali diritti scrivendo al DPO di Fila Groupe SA - Ch. de Treycovagnes 7, 1400 Yverdon-les-Bains o inviando un'e-mail a media@fila-groupe.ch.<\/p><h4>Quali diritti avete?<\/h4><p>Per definizione, i dati personali sono: \"Qualsiasi informazione relativa a una persona fisica identificata direttamente (cognome, nome) o indirettamente (tramite un identificativo, un numero di cliente, un numero di telefono, ecc.) Una persona fisica pu\u00f2 essere identificata sulla base di un singolo dato (numero ABS o SS) o incrociando una serie di dati.<\/p>\t\t\t\t\t\t\t\t<\/div>\n\t\t\t\t\t<\/div>\n\t\t\t\t<\/div>\n\t\t\t\t<\/div>","protected":false},"excerpt":{"rendered":"<p>La r\u00e9glementation suisse relative \u00e0 la protection des donn\u00e9es \u00e0 caract\u00e8re personnel conna\u00eet une \u00e9volution majeure qui a donn\u00e9 lieu au R\u00e8glement G\u00e9n\u00e9ral \u00e0 la Nouvelle Loi sur la Protection des Donn\u00e9es \u00ab nLPD \u00bb du 1er septembre 2023. Notre soci\u00e9t\u00e9, soucieuse de respecter les r\u00e9glementations capables d\u2019am\u00e9liorer les relations avec nos clients europ\u00e9ens, c\u2019est [&hellip;]<\/p>\n","protected":false},"author":1,"featured_media":0,"parent":0,"menu_order":0,"comment_status":"closed","ping_status":"closed","template":"elementor_header_footer","meta":{"footnotes":""},"class_list":["post-340","page","type-page","status-publish","hentry"],"yoast_head":"<!-- This site is optimized with the Yoast SEO plugin v27.1.1 - https:\/\/yoast.com\/product\/yoast-seo-wordpress\/ -->\n<title>Protection des donn\u00e9es personnelles - Fila Fiat Professionnel<\/title>\n<meta name=\"robots\" content=\"noindex, follow, max-snippet:-1, max-image-preview:large, max-video-preview:-1\" \/>\n<meta property=\"og:locale\" content=\"it_IT\" \/>\n<meta property=\"og:type\" content=\"article\" \/>\n<meta property=\"og:title\" content=\"Protection des donn\u00e9es personnelles - Fila Fiat Professionnel\" \/>\n<meta property=\"og:description\" content=\"La r\u00e9glementation suisse relative \u00e0 la protection des donn\u00e9es \u00e0 caract\u00e8re personnel conna\u00eet une \u00e9volution majeure qui a donn\u00e9 lieu au R\u00e8glement G\u00e9n\u00e9ral \u00e0 la Nouvelle Loi sur la Protection des Donn\u00e9es \u00ab nLPD \u00bb du 1er septembre 2023. Notre soci\u00e9t\u00e9, soucieuse de respecter les r\u00e9glementations capables d\u2019am\u00e9liorer les relations avec nos clients europ\u00e9ens, c\u2019est [&hellip;]\" \/>\n<meta property=\"og:url\" content=\"https:\/\/fila-fiatprofessional.ch\/it\/nlpd\/\" \/>\n<meta property=\"og:site_name\" content=\"Fila Fiat Professionnel\" \/>\n<meta property=\"article:modified_time\" content=\"2025-09-02T15:23:22+00:00\" \/>\n<meta name=\"twitter:card\" content=\"summary_large_image\" \/>\n<meta name=\"twitter:label1\" content=\"Tempo di lettura stimato\" \/>\n\t<meta name=\"twitter:data1\" content=\"4 minuti\" \/>\n<script type=\"application\/ld+json\" class=\"yoast-schema-graph\">{\"@context\":\"https:\/\/schema.org\",\"@graph\":[{\"@type\":\"WebPage\",\"@id\":\"https:\/\/fila-fiatprofessional.ch\/nlpd\/\",\"url\":\"https:\/\/fila-fiatprofessional.ch\/nlpd\/\",\"name\":\"Protection des donn\u00e9es personnelles - Fila Fiat Professionnel\",\"isPartOf\":{\"@id\":\"https:\/\/fila-fiatprofessionnel.ch\/#website\"},\"datePublished\":\"2025-09-02T15:01:49+00:00\",\"dateModified\":\"2025-09-02T15:23:22+00:00\",\"breadcrumb\":{\"@id\":\"https:\/\/fila-fiatprofessional.ch\/nlpd\/#breadcrumb\"},\"inLanguage\":\"it-IT\",\"potentialAction\":[{\"@type\":\"ReadAction\",\"target\":[\"https:\/\/fila-fiatprofessional.ch\/nlpd\/\"]}]},{\"@type\":\"BreadcrumbList\",\"@id\":\"https:\/\/fila-fiatprofessional.ch\/nlpd\/#breadcrumb\",\"itemListElement\":[{\"@type\":\"ListItem\",\"position\":1,\"name\":\"Accueil\",\"item\":\"https:\/\/fila-fiatprofessional.ch\/\"},{\"@type\":\"ListItem\",\"position\":2,\"name\":\"Protection des donn\u00e9es personnelles\"}]},{\"@type\":\"WebSite\",\"@id\":\"https:\/\/fila-fiatprofessionnel.ch\/#website\",\"url\":\"https:\/\/fila-fiatprofessionnel.ch\/\",\"name\":\"Fila Fiat Professionnel\",\"description\":\"\",\"potentialAction\":[{\"@type\":\"SearchAction\",\"target\":{\"@type\":\"EntryPoint\",\"urlTemplate\":\"https:\/\/fila-fiatprofessionnel.ch\/?s={search_term_string}\"},\"query-input\":{\"@type\":\"PropertyValueSpecification\",\"valueRequired\":true,\"valueName\":\"search_term_string\"}}],\"inLanguage\":\"it-IT\"}]}<\/script>\n<!-- \/ Yoast SEO plugin. -->","yoast_head_json":{"title":"Protection des donn\u00e9es personnelles - Fila Fiat Professionnel","robots":{"index":"noindex","follow":"follow","max-snippet":"max-snippet:-1","max-image-preview":"max-image-preview:large","max-video-preview":"max-video-preview:-1"},"og_locale":"it_IT","og_type":"article","og_title":"Protection des donn\u00e9es personnelles - Fila Fiat Professionnel","og_description":"La r\u00e9glementation suisse relative \u00e0 la protection des donn\u00e9es \u00e0 caract\u00e8re personnel conna\u00eet une \u00e9volution majeure qui a donn\u00e9 lieu au R\u00e8glement G\u00e9n\u00e9ral \u00e0 la Nouvelle Loi sur la Protection des Donn\u00e9es \u00ab nLPD \u00bb du 1er septembre 2023. Notre soci\u00e9t\u00e9, soucieuse de respecter les r\u00e9glementations capables d\u2019am\u00e9liorer les relations avec nos clients europ\u00e9ens, c\u2019est [&hellip;]","og_url":"https:\/\/fila-fiatprofessional.ch\/it\/nlpd\/","og_site_name":"Fila Fiat Professionnel","article_modified_time":"2025-09-02T15:23:22+00:00","twitter_card":"summary_large_image","twitter_misc":{"Tempo di lettura stimato":"4 minuti"},"schema":{"@context":"https:\/\/schema.org","@graph":[{"@type":"WebPage","@id":"https:\/\/fila-fiatprofessional.ch\/nlpd\/","url":"https:\/\/fila-fiatprofessional.ch\/nlpd\/","name":"Protection des donn\u00e9es personnelles - Fila Fiat Professionnel","isPartOf":{"@id":"https:\/\/fila-fiatprofessionnel.ch\/#website"},"datePublished":"2025-09-02T15:01:49+00:00","dateModified":"2025-09-02T15:23:22+00:00","breadcrumb":{"@id":"https:\/\/fila-fiatprofessional.ch\/nlpd\/#breadcrumb"},"inLanguage":"it-IT","potentialAction":[{"@type":"ReadAction","target":["https:\/\/fila-fiatprofessional.ch\/nlpd\/"]}]},{"@type":"BreadcrumbList","@id":"https:\/\/fila-fiatprofessional.ch\/nlpd\/#breadcrumb","itemListElement":[{"@type":"ListItem","position":1,"name":"Accueil","item":"https:\/\/fila-fiatprofessional.ch\/"},{"@type":"ListItem","position":2,"name":"Protection des donn\u00e9es personnelles"}]},{"@type":"WebSite","@id":"https:\/\/fila-fiatprofessionnel.ch\/#website","url":"https:\/\/fila-fiatprofessionnel.ch\/","name":"Fila Fiat Professionnel","description":"","potentialAction":[{"@type":"SearchAction","target":{"@type":"EntryPoint","urlTemplate":"https:\/\/fila-fiatprofessionnel.ch\/?s={search_term_string}"},"query-input":{"@type":"PropertyValueSpecification","valueRequired":true,"valueName":"search_term_string"}}],"inLanguage":"it-IT"}]}},"_links":{"self":[{"href":"https:\/\/fila-fiatprofessional.ch\/it\/wp-json\/wp\/v2\/pages\/340","targetHints":{"allow":["GET"]}}],"collection":[{"href":"https:\/\/fila-fiatprofessional.ch\/it\/wp-json\/wp\/v2\/pages"}],"about":[{"href":"https:\/\/fila-fiatprofessional.ch\/it\/wp-json\/wp\/v2\/types\/page"}],"author":[{"embeddable":true,"href":"https:\/\/fila-fiatprofessional.ch\/it\/wp-json\/wp\/v2\/users\/1"}],"replies":[{"embeddable":true,"href":"https:\/\/fila-fiatprofessional.ch\/it\/wp-json\/wp\/v2\/comments?post=340"}],"version-history":[{"count":7,"href":"https:\/\/fila-fiatprofessional.ch\/it\/wp-json\/wp\/v2\/pages\/340\/revisions"}],"predecessor-version":[{"id":382,"href":"https:\/\/fila-fiatprofessional.ch\/it\/wp-json\/wp\/v2\/pages\/340\/revisions\/382"}],"wp:attachment":[{"href":"https:\/\/fila-fiatprofessional.ch\/it\/wp-json\/wp\/v2\/media?parent=340"}],"curies":[{"name":"wp","href":"https:\/\/api.w.org\/{rel}","templated":true}]}}